{"id":532,"date":"2020-11-23T10:52:53","date_gmt":"2020-11-23T09:52:53","guid":{"rendered":"https:\/\/www.riadalili.com\/spa\/"},"modified":"2024-02-19T17:44:33","modified_gmt":"2024-02-19T16:44:33","slug":"spa","status":"publish","type":"page","link":"https:\/\/www.riadalili.com\/es\/spa\/","title":{"rendered":"Spa"},"content":{"rendered":"\t\t<div data-elementor-type=\"wp-page\" data-elementor-id=\"532\" class=\"elementor elementor-532 elementor-247\">\n\t\t\t\t\t\t<section class=\"elementor-section elementor-top-section elementor-element elementor-element-d3e72b7 elementor-section-height-min-height elementor-section-stretched elementor-section-boxed elementor-section-height-default elementor-section-items-middle\" data-id=\"d3e72b7\" data-element_type=\"section\" data-e-type=\"section\" data-settings=\"{&quot;stretch_section&quot;:&quot;section-stretched&quot;,&quot;jet_parallax_layout_list&quot;:[{&quot;jet_parallax_layout_image&quot;:{&quot;url&quot;:&quot;&quot;,&quot;id&quot;:&quot;&quot;,&quot;size&quot;:&quot;&quot;},&quot;_id&quot;:&quot;cd3b63a&quot;,&quot;jet_parallax_layout_image_tablet&quot;:{&quot;url&quot;:&quot;&quot;,&quot;id&quot;:&quot;&quot;,&quot;size&quot;:&quot;&quot;},&quot;jet_parallax_layout_image_mobile&quot;:{&quot;url&quot;:&quot;&quot;,&quot;id&quot;:&quot;&quot;,&quot;size&quot;:&quot;&quot;},&quot;jet_parallax_layout_speed&quot;:{&quot;unit&quot;:&quot;%&quot;,&quot;size&quot;:50,&quot;sizes&quot;:[]},&quot;jet_parallax_layout_type&quot;:&quot;scroll&quot;,&quot;jet_parallax_layout_direction&quot;:&quot;1&quot;,&quot;jet_parallax_layout_fx_direction&quot;:null,&quot;jet_parallax_layout_z_index&quot;:&quot;&quot;,&quot;jet_parallax_layout_bg_x&quot;:50,&quot;jet_parallax_layout_bg_x_tablet&quot;:&quot;&quot;,&quot;jet_parallax_layout_bg_x_mobile&quot;:&quot;&quot;,&quot;jet_parallax_layout_bg_y&quot;:50,&quot;jet_parallax_layout_bg_y_tablet&quot;:&quot;&quot;,&quot;jet_parallax_layout_bg_y_mobile&quot;:&quot;&quot;,&quot;jet_parallax_layout_bg_size&quot;:&quot;auto&quot;,&quot;jet_parallax_layout_bg_size_tablet&quot;:&quot;&quot;,&quot;jet_parallax_layout_bg_size_mobile&quot;:&quot;&quot;,&quot;jet_parallax_layout_animation_prop&quot;:&quot;transform&quot;,&quot;jet_parallax_layout_on&quot;:[&quot;desktop&quot;,&quot;tablet&quot;]}],&quot;background_background&quot;:&quot;classic&quot;}\">\n\t\t\t\t\t\t<div class=\"elementor-container elementor-column-gap-default\">\n\t\t\t\t\t<div class=\"elementor-column elementor-col-100 elementor-top-column elementor-element elementor-element-e4b726f\" data-id=\"e4b726f\" data-element_type=\"column\" data-e-type=\"column\">\n\t\t\t<div class=\"elementor-widget-wrap elementor-element-populated\">\n\t\t\t\t\t\t<div class=\"elementor-element elementor-element-1eb8465 elementor-widget elementor-widget-heading\" data-id=\"1eb8465\" data-element_type=\"widget\" data-e-type=\"widget\" data-widget_type=\"heading.default\">\n\t\t\t\t<div class=\"elementor-widget-container\">\n\t\t\t\t\t<h1 class=\"elementor-heading-title elementor-size-default\">SPA<\/h1>\t\t\t\t<\/div>\n\t\t\t\t<\/div>\n\t\t\t\t\t<\/div>\n\t\t<\/div>\n\t\t\t\t\t<\/div>\n\t\t<\/section>\n\t\t\t\t<section class=\"elementor-section elementor-top-section elementor-element elementor-element-0ff33b0 elementor-section-boxed elementor-section-height-default elementor-section-height-default\" data-id=\"0ff33b0\" data-element_type=\"section\" data-e-type=\"section\" data-settings=\"{&quot;jet_parallax_layout_list&quot;:[{&quot;jet_parallax_layout_image&quot;:{&quot;url&quot;:&quot;&quot;,&quot;id&quot;:&quot;&quot;,&quot;size&quot;:&quot;&quot;},&quot;_id&quot;:&quot;81245cf&quot;,&quot;jet_parallax_layout_image_tablet&quot;:{&quot;url&quot;:&quot;&quot;,&quot;id&quot;:&quot;&quot;,&quot;size&quot;:&quot;&quot;},&quot;jet_parallax_layout_image_mobile&quot;:{&quot;url&quot;:&quot;&quot;,&quot;id&quot;:&quot;&quot;,&quot;size&quot;:&quot;&quot;},&quot;jet_parallax_layout_speed&quot;:{&quot;unit&quot;:&quot;%&quot;,&quot;size&quot;:50,&quot;sizes&quot;:[]},&quot;jet_parallax_layout_type&quot;:&quot;scroll&quot;,&quot;jet_parallax_layout_direction&quot;:&quot;1&quot;,&quot;jet_parallax_layout_fx_direction&quot;:null,&quot;jet_parallax_layout_z_index&quot;:&quot;&quot;,&quot;jet_parallax_layout_bg_x&quot;:50,&quot;jet_parallax_layout_bg_x_tablet&quot;:&quot;&quot;,&quot;jet_parallax_layout_bg_x_mobile&quot;:&quot;&quot;,&quot;jet_parallax_layout_bg_y&quot;:50,&quot;jet_parallax_layout_bg_y_tablet&quot;:&quot;&quot;,&quot;jet_parallax_layout_bg_y_mobile&quot;:&quot;&quot;,&quot;jet_parallax_layout_bg_size&quot;:&quot;auto&quot;,&quot;jet_parallax_layout_bg_size_tablet&quot;:&quot;&quot;,&quot;jet_parallax_layout_bg_size_mobile&quot;:&quot;&quot;,&quot;jet_parallax_layout_animation_prop&quot;:&quot;transform&quot;,&quot;jet_parallax_layout_on&quot;:[&quot;desktop&quot;,&quot;tablet&quot;]}]}\">\n\t\t\t\t\t\t<div class=\"elementor-container elementor-column-gap-default\">\n\t\t\t\t\t<div class=\"elementor-column elementor-col-100 elementor-top-column elementor-element elementor-element-1566bf3\" data-id=\"1566bf3\" data-element_type=\"column\" data-e-type=\"column\">\n\t\t\t<div class=\"elementor-widget-wrap elementor-element-populated\">\n\t\t\t\t\t\t<div class=\"elementor-element elementor-element-70eae3c elementor-widget elementor-widget-text-editor\" data-id=\"70eae3c\" data-element_type=\"widget\" data-e-type=\"widget\" data-widget_type=\"text-editor.default\">\n\t\t\t\t<div class=\"elementor-widget-container\">\n\t\t\t\t\t\t\t\t\tD\u00e9jese seducir por el suave calor de nuestro tradicional hammam beldi, una verdadera preparaci\u00f3n del cuerpo para los tratamientos espec\u00edficos que le pueden dar nuestras masajistas profesionales (con cita previa el mismo d\u00eda).\r\n\r\nLa exfoliaci\u00f3n con jab\u00f3n negro, el masaje con aceites esenciales raros y preciosos de Marruecos son la base de toda una gama de tratamientos: cuerpo, cara y manos&#8230; Para una relajaci\u00f3n total.\r\n\r\nNuestro sal\u00f3n de masajes puede recibirlos solos o en pareja para un momento de relajaci\u00f3n compartida.\r\nY para perseguir el sue\u00f1o, le ofrecemos nuestros productos \u00abLes Sens de Marrakech\u00bb a la venta que tambi\u00e9n ser\u00e1n hermosos recuerdos para ofrecer.\t\t\t\t\t\t\t\t<\/div>\n\t\t\t\t<\/div>\n\t\t\t\t<div class=\"elementor-element elementor-element-6093321 elementor-align-right elementor-invisible elementor-widget elementor-widget-button\" data-id=\"6093321\" data-element_type=\"widget\" data-e-type=\"widget\" data-settings=\"{&quot;_animation&quot;:&quot;zoomIn&quot;}\" data-widget_type=\"button.default\">\n\t\t\t\t<div class=\"elementor-widget-container\">\n\t\t\t\t\t\t\t\t\t<div class=\"elementor-button-wrapper\">\n\t\t\t\t\t<a class=\"elementor-button elementor-button-link elementor-size-sm\" href=\"https:\/\/www.riadalili.com\/wp-content\/uploads\/2024\/01\/Renaissens_Alili2023.pdf\" target=\"_blank\">\n\t\t\t\t\t\t<span class=\"elementor-button-content-wrapper\">\n\t\t\t\t\t\t\t\t\t<span class=\"elementor-button-text\">Men\u00fa de tratamientos y precios<\/span>\n\t\t\t\t\t<\/span>\n\t\t\t\t\t<\/a>\n\t\t\t\t<\/div>\n\t\t\t\t\t\t\t\t<\/div>\n\t\t\t\t<\/div>\n\t\t\t\t\t<\/div>\n\t\t<\/div>\n\t\t\t\t\t<\/div>\n\t\t<\/section>\n\t\t\t\t<section class=\"elementor-section elementor-top-section elementor-element elementor-element-1ba66ef elementor-section-boxed elementor-section-height-default elementor-section-height-default\" data-id=\"1ba66ef\" data-element_type=\"section\" data-e-type=\"section\" data-settings=\"{&quot;jet_parallax_layout_list&quot;:[{&quot;jet_parallax_layout_image&quot;:{&quot;url&quot;:&quot;&quot;,&quot;id&quot;:&quot;&quot;,&quot;size&quot;:&quot;&quot;},&quot;_id&quot;:&quot;00b95ad&quot;,&quot;jet_parallax_layout_image_tablet&quot;:{&quot;url&quot;:&quot;&quot;,&quot;id&quot;:&quot;&quot;,&quot;size&quot;:&quot;&quot;},&quot;jet_parallax_layout_image_mobile&quot;:{&quot;url&quot;:&quot;&quot;,&quot;id&quot;:&quot;&quot;,&quot;size&quot;:&quot;&quot;},&quot;jet_parallax_layout_speed&quot;:{&quot;unit&quot;:&quot;%&quot;,&quot;size&quot;:50,&quot;sizes&quot;:[]},&quot;jet_parallax_layout_type&quot;:&quot;scroll&quot;,&quot;jet_parallax_layout_direction&quot;:&quot;1&quot;,&quot;jet_parallax_layout_fx_direction&quot;:null,&quot;jet_parallax_layout_z_index&quot;:&quot;&quot;,&quot;jet_parallax_layout_bg_x&quot;:50,&quot;jet_parallax_layout_bg_x_tablet&quot;:&quot;&quot;,&quot;jet_parallax_layout_bg_x_mobile&quot;:&quot;&quot;,&quot;jet_parallax_layout_bg_y&quot;:50,&quot;jet_parallax_layout_bg_y_tablet&quot;:&quot;&quot;,&quot;jet_parallax_layout_bg_y_mobile&quot;:&quot;&quot;,&quot;jet_parallax_layout_bg_size&quot;:&quot;auto&quot;,&quot;jet_parallax_layout_bg_size_tablet&quot;:&quot;&quot;,&quot;jet_parallax_layout_bg_size_mobile&quot;:&quot;&quot;,&quot;jet_parallax_layout_animation_prop&quot;:&quot;transform&quot;,&quot;jet_parallax_layout_on&quot;:[&quot;desktop&quot;,&quot;tablet&quot;]}]}\">\n\t\t\t\t\t\t<div class=\"elementor-container elementor-column-gap-default\">\n\t\t\t\t\t<div class=\"elementor-column elementor-col-50 elementor-top-column elementor-element elementor-element-a8d7596\" data-id=\"a8d7596\" data-element_type=\"column\" data-e-type=\"column\">\n\t\t\t<div class=\"elementor-widget-wrap elementor-element-populated\">\n\t\t\t\t\t\t<div class=\"elementor-element elementor-element-79eb24f elementor-widget elementor-widget-image\" data-id=\"79eb24f\" data-element_type=\"widget\" data-e-type=\"widget\" data-widget_type=\"image.default\">\n\t\t\t\t<div class=\"elementor-widget-container\">\n\t\t\t\t\t\t\t\t\t\t\t\t\t\t\t<img fetchpriority=\"high\" decoding=\"async\" width=\"648\" height=\"855\" src=\"https:\/\/www.riadalili.com\/wp-content\/uploads\/2024\/02\/Capture-decran-2024-02-15-a-16.35.43.png\" class=\"attachment-large size-large wp-image-133189\" alt=\"\" srcset=\"https:\/\/www.riadalili.com\/wp-content\/uploads\/2024\/02\/Capture-decran-2024-02-15-a-16.35.43.png 648w, https:\/\/www.riadalili.com\/wp-content\/uploads\/2024\/02\/Capture-decran-2024-02-15-a-16.35.43-227x300.png 227w\" sizes=\"(max-width: 648px) 100vw, 648px\" \/>\t\t\t\t\t\t\t\t\t\t\t\t\t\t\t<\/div>\n\t\t\t\t<\/div>\n\t\t\t\t<div class=\"elementor-element elementor-element-1db6f8a elementor-widget elementor-widget-image\" data-id=\"1db6f8a\" data-element_type=\"widget\" data-e-type=\"widget\" data-widget_type=\"image.default\">\n\t\t\t\t<div class=\"elementor-widget-container\">\n\t\t\t\t\t\t\t\t\t\t\t\t\t\t\t<img decoding=\"async\" width=\"1024\" height=\"683\" src=\"https:\/\/www.riadalili.com\/wp-content\/uploads\/2024\/02\/271-1024x683.jpg\" class=\"attachment-large size-large wp-image-133180\" alt=\"\" srcset=\"https:\/\/www.riadalili.com\/wp-content\/uploads\/2024\/02\/271-1024x683.jpg 1024w, https:\/\/www.riadalili.com\/wp-content\/uploads\/2024\/02\/271-300x200.jpg 300w, https:\/\/www.riadalili.com\/wp-content\/uploads\/2024\/02\/271-768x512.jpg 768w, https:\/\/www.riadalili.com\/wp-content\/uploads\/2024\/02\/271-1536x1024.jpg 1536w, https:\/\/www.riadalili.com\/wp-content\/uploads\/2024\/02\/271-2048x1366.jpg 2048w\" sizes=\"(max-width: 1024px) 100vw, 1024px\" \/>\t\t\t\t\t\t\t\t\t\t\t\t\t\t\t<\/div>\n\t\t\t\t<\/div>\n\t\t\t\t\t<\/div>\n\t\t<\/div>\n\t\t\t\t<div class=\"elementor-column elementor-col-50 elementor-top-column elementor-element elementor-element-04e6d55\" data-id=\"04e6d55\" data-element_type=\"column\" data-e-type=\"column\">\n\t\t\t<div class=\"elementor-widget-wrap elementor-element-populated\">\n\t\t\t\t\t\t<div class=\"elementor-element elementor-element-e8e9ef3 elementor-widget elementor-widget-image\" data-id=\"e8e9ef3\" data-element_type=\"widget\" data-e-type=\"widget\" data-widget_type=\"image.default\">\n\t\t\t\t<div class=\"elementor-widget-container\">\n\t\t\t\t\t\t\t\t\t\t\t\t\t\t\t<img decoding=\"async\" width=\"1024\" height=\"683\" src=\"https:\/\/www.riadalili.com\/wp-content\/uploads\/2024\/02\/280-1024x683.jpg\" class=\"attachment-large size-large wp-image-133183\" alt=\"\" srcset=\"https:\/\/www.riadalili.com\/wp-content\/uploads\/2024\/02\/280-1024x683.jpg 1024w, https:\/\/www.riadalili.com\/wp-content\/uploads\/2024\/02\/280-300x200.jpg 300w, https:\/\/www.riadalili.com\/wp-content\/uploads\/2024\/02\/280-768x512.jpg 768w, https:\/\/www.riadalili.com\/wp-content\/uploads\/2024\/02\/280-1536x1024.jpg 1536w, https:\/\/www.riadalili.com\/wp-content\/uploads\/2024\/02\/280-2048x1366.jpg 2048w\" sizes=\"(max-width: 1024px) 100vw, 1024px\" \/>\t\t\t\t\t\t\t\t\t\t\t\t\t\t\t<\/div>\n\t\t\t\t<\/div>\n\t\t\t\t<div class=\"elementor-element elementor-element-9050000 elementor-widget elementor-widget-image\" data-id=\"9050000\" data-element_type=\"widget\" data-e-type=\"widget\" data-widget_type=\"image.default\">\n\t\t\t\t<div class=\"elementor-widget-container\">\n\t\t\t\t\t\t\t\t\t\t\t\t\t\t\t<img loading=\"lazy\" decoding=\"async\" width=\"1024\" height=\"683\" src=\"https:\/\/www.riadalili.com\/wp-content\/uploads\/2024\/02\/281-1024x683.jpg\" class=\"attachment-large size-large wp-image-133186\" alt=\"\" srcset=\"https:\/\/www.riadalili.com\/wp-content\/uploads\/2024\/02\/281-1024x683.jpg 1024w, https:\/\/www.riadalili.com\/wp-content\/uploads\/2024\/02\/281-300x200.jpg 300w, https:\/\/www.riadalili.com\/wp-content\/uploads\/2024\/02\/281-768x512.jpg 768w, https:\/\/www.riadalili.com\/wp-content\/uploads\/2024\/02\/281-1536x1024.jpg 1536w, https:\/\/www.riadalili.com\/wp-content\/uploads\/2024\/02\/281-2048x1366.jpg 2048w\" sizes=\"(max-width: 1024px) 100vw, 1024px\" \/>\t\t\t\t\t\t\t\t\t\t\t\t\t\t\t<\/div>\n\t\t\t\t<\/div>\n\t\t\t\t\t<\/div>\n\t\t<\/div>\n\t\t\t\t\t<\/div>\n\t\t<\/section>\n\t\t\t\t<\/div>\n\t\t","protected":false},"excerpt":{"rendered":"<p>SPA D\u00e9jese seducir por el suave calor de nuestro tradicional hammam beldi, una verdadera preparaci\u00f3n del cuerpo para los tratamientos espec\u00edficos que le pueden dar nuestras masajistas profesionales (con cita previa el mismo d\u00eda). La exfoliaci\u00f3n con jab\u00f3n negro, el masaje con aceites esenciales raros y preciosos de Marruecos son la base de toda una [&hellip;]<\/p>\n","protected":false},"author":1,"featured_media":0,"parent":0,"menu_order":0,"comment_status":"closed","ping_status":"closed","template":"","meta":{"_acf_changed":false,"footnotes":""},"class_list":["post-532","page","type-page","status-publish","hentry"],"acf":[],"yoast_head":"<!-- This site is optimized with the Yoast SEO plugin v27.4 - https:\/\/yoast.com\/product\/yoast-seo-wordpress\/ -->\n<title>Spa - riadalili<\/title>\n<meta name=\"robots\" content=\"index, follow, max-snippet:-1, max-image-preview:large, max-video-preview:-1\" \/>\n<link rel=\"canonical\" href=\"https:\/\/www.riadalili.com\/spa\/\" \/>\n<meta property=\"og:locale\" content=\"es_ES\" \/>\n<meta property=\"og:type\" content=\"article\" \/>\n<meta property=\"og:title\" content=\"Spa - riadalili\" \/>\n<meta property=\"og:description\" content=\"SPA D\u00e9jese seducir por el suave calor de nuestro tradicional hammam beldi, una verdadera preparaci\u00f3n del cuerpo para los tratamientos espec\u00edficos que le pueden dar nuestras masajistas profesionales (con cita previa el mismo d\u00eda). La exfoliaci\u00f3n con jab\u00f3n negro, el masaje con aceites esenciales raros y preciosos de Marruecos son la base de toda una [&hellip;]\" \/>\n<meta property=\"og:url\" content=\"https:\/\/www.riadalili.com\/spa\/\" \/>\n<meta property=\"og:site_name\" content=\"riadalili\" \/>\n<meta property=\"article:modified_time\" content=\"2024-02-19T16:44:33+00:00\" \/>\n<meta property=\"og:image\" content=\"https:\/\/www.riadalili.com\/wp-content\/uploads\/2024\/02\/Capture-decran-2024-02-15-a-16.35.43.png\" \/>\n<meta name=\"twitter:card\" content=\"summary_large_image\" \/>\n<meta name=\"twitter:label1\" content=\"Tiempo de lectura\" \/>\n\t<meta name=\"twitter:data1\" content=\"2 minutos\" \/>\n<script type=\"application\/ld+json\" class=\"yoast-schema-graph\">{\"@context\":\"https:\\\/\\\/schema.org\",\"@graph\":[{\"@type\":\"WebPage\",\"@id\":\"https:\\\/\\\/www.riadalili.com\\\/spa\\\/\",\"url\":\"https:\\\/\\\/www.riadalili.com\\\/spa\\\/\",\"name\":\"Spa - riadalili\",\"isPartOf\":{\"@id\":\"https:\\\/\\\/www.riadalili.com\\\/#website\"},\"primaryImageOfPage\":{\"@id\":\"https:\\\/\\\/www.riadalili.com\\\/spa\\\/#primaryimage\"},\"image\":{\"@id\":\"https:\\\/\\\/www.riadalili.com\\\/spa\\\/#primaryimage\"},\"thumbnailUrl\":\"https:\\\/\\\/www.riadalili.com\\\/wp-content\\\/uploads\\\/2024\\\/02\\\/Capture-decran-2024-02-15-a-16.35.43.png\",\"datePublished\":\"2020-11-23T09:52:53+00:00\",\"dateModified\":\"2024-02-19T16:44:33+00:00\",\"breadcrumb\":{\"@id\":\"https:\\\/\\\/www.riadalili.com\\\/spa\\\/#breadcrumb\"},\"inLanguage\":\"es\",\"potentialAction\":[{\"@type\":\"ReadAction\",\"target\":[\"https:\\\/\\\/www.riadalili.com\\\/spa\\\/\"]}]},{\"@type\":\"ImageObject\",\"inLanguage\":\"es\",\"@id\":\"https:\\\/\\\/www.riadalili.com\\\/spa\\\/#primaryimage\",\"url\":\"https:\\\/\\\/www.riadalili.com\\\/wp-content\\\/uploads\\\/2024\\\/02\\\/Capture-decran-2024-02-15-a-16.35.43.png\",\"contentUrl\":\"https:\\\/\\\/www.riadalili.com\\\/wp-content\\\/uploads\\\/2024\\\/02\\\/Capture-decran-2024-02-15-a-16.35.43.png\"},{\"@type\":\"BreadcrumbList\",\"@id\":\"https:\\\/\\\/www.riadalili.com\\\/spa\\\/#breadcrumb\",\"itemListElement\":[{\"@type\":\"ListItem\",\"position\":1,\"name\":\"Accueil\",\"item\":\"https:\\\/\\\/www.riadalili.com\\\/\"},{\"@type\":\"ListItem\",\"position\":2,\"name\":\"Spa\"}]},{\"@type\":\"WebSite\",\"@id\":\"https:\\\/\\\/www.riadalili.com\\\/#website\",\"url\":\"https:\\\/\\\/www.riadalili.com\\\/\",\"name\":\"riadalili\",\"description\":\"\",\"potentialAction\":[{\"@type\":\"SearchAction\",\"target\":{\"@type\":\"EntryPoint\",\"urlTemplate\":\"https:\\\/\\\/www.riadalili.com\\\/?s={search_term_string}\"},\"query-input\":{\"@type\":\"PropertyValueSpecification\",\"valueRequired\":true,\"valueName\":\"search_term_string\"}}],\"inLanguage\":\"es\"}]}<\/script>\n<!-- \/ Yoast SEO plugin. -->","yoast_head_json":{"title":"Spa - riadalili","robots":{"index":"index","follow":"follow","max-snippet":"max-snippet:-1","max-image-preview":"max-image-preview:large","max-video-preview":"max-video-preview:-1"},"canonical":"https:\/\/www.riadalili.com\/spa\/","og_locale":"es_ES","og_type":"article","og_title":"Spa - riadalili","og_description":"SPA D\u00e9jese seducir por el suave calor de nuestro tradicional hammam beldi, una verdadera preparaci\u00f3n del cuerpo para los tratamientos espec\u00edficos que le pueden dar nuestras masajistas profesionales (con cita previa el mismo d\u00eda). La exfoliaci\u00f3n con jab\u00f3n negro, el masaje con aceites esenciales raros y preciosos de Marruecos son la base de toda una [&hellip;]","og_url":"https:\/\/www.riadalili.com\/spa\/","og_site_name":"riadalili","article_modified_time":"2024-02-19T16:44:33+00:00","og_image":[{"url":"https:\/\/www.riadalili.com\/wp-content\/uploads\/2024\/02\/Capture-decran-2024-02-15-a-16.35.43.png","type":"","width":"","height":""}],"twitter_card":"summary_large_image","twitter_misc":{"Tiempo de lectura":"2 minutos"},"schema":{"@context":"https:\/\/schema.org","@graph":[{"@type":"WebPage","@id":"https:\/\/www.riadalili.com\/spa\/","url":"https:\/\/www.riadalili.com\/spa\/","name":"Spa - riadalili","isPartOf":{"@id":"https:\/\/www.riadalili.com\/#website"},"primaryImageOfPage":{"@id":"https:\/\/www.riadalili.com\/spa\/#primaryimage"},"image":{"@id":"https:\/\/www.riadalili.com\/spa\/#primaryimage"},"thumbnailUrl":"https:\/\/www.riadalili.com\/wp-content\/uploads\/2024\/02\/Capture-decran-2024-02-15-a-16.35.43.png","datePublished":"2020-11-23T09:52:53+00:00","dateModified":"2024-02-19T16:44:33+00:00","breadcrumb":{"@id":"https:\/\/www.riadalili.com\/spa\/#breadcrumb"},"inLanguage":"es","potentialAction":[{"@type":"ReadAction","target":["https:\/\/www.riadalili.com\/spa\/"]}]},{"@type":"ImageObject","inLanguage":"es","@id":"https:\/\/www.riadalili.com\/spa\/#primaryimage","url":"https:\/\/www.riadalili.com\/wp-content\/uploads\/2024\/02\/Capture-decran-2024-02-15-a-16.35.43.png","contentUrl":"https:\/\/www.riadalili.com\/wp-content\/uploads\/2024\/02\/Capture-decran-2024-02-15-a-16.35.43.png"},{"@type":"BreadcrumbList","@id":"https:\/\/www.riadalili.com\/spa\/#breadcrumb","itemListElement":[{"@type":"ListItem","position":1,"name":"Accueil","item":"https:\/\/www.riadalili.com\/"},{"@type":"ListItem","position":2,"name":"Spa"}]},{"@type":"WebSite","@id":"https:\/\/www.riadalili.com\/#website","url":"https:\/\/www.riadalili.com\/","name":"riadalili","description":"","potentialAction":[{"@type":"SearchAction","target":{"@type":"EntryPoint","urlTemplate":"https:\/\/www.riadalili.com\/?s={search_term_string}"},"query-input":{"@type":"PropertyValueSpecification","valueRequired":true,"valueName":"search_term_string"}}],"inLanguage":"es"}]}},"_links":{"self":[{"href":"https:\/\/www.riadalili.com\/es\/wp-json\/wp\/v2\/pages\/532","targetHints":{"allow":["GET"]}}],"collection":[{"href":"https:\/\/www.riadalili.com\/es\/wp-json\/wp\/v2\/pages"}],"about":[{"href":"https:\/\/www.riadalili.com\/es\/wp-json\/wp\/v2\/types\/page"}],"author":[{"embeddable":true,"href":"https:\/\/www.riadalili.com\/es\/wp-json\/wp\/v2\/users\/1"}],"replies":[{"embeddable":true,"href":"https:\/\/www.riadalili.com\/es\/wp-json\/wp\/v2\/comments?post=532"}],"version-history":[{"count":0,"href":"https:\/\/www.riadalili.com\/es\/wp-json\/wp\/v2\/pages\/532\/revisions"}],"wp:attachment":[{"href":"https:\/\/www.riadalili.com\/es\/wp-json\/wp\/v2\/media?parent=532"}],"curies":[{"name":"wp","href":"https:\/\/api.w.org\/{rel}","templated":true}]}}